{"id":12696,"date":"2025-08-27T08:12:20","date_gmt":"2025-08-27T06:12:20","guid":{"rendered":"https:\/\/www.axolight.it\/homepage\/"},"modified":"2025-11-28T12:38:57","modified_gmt":"2025-11-28T11:38:57","slug":"homepage","status":"publish","type":"page","link":"https:\/\/www.axolight.it\/de\/","title":{"rendered":"Homepage"},"content":{"rendered":"","protected":false},"excerpt":{"rendered":"","protected":false},"author":1,"featured_media":0,"parent":0,"menu_order":0,"comment_status":"closed","ping_status":"closed","template":"template\/homepage.php","meta":{"footnotes":""},"class_list":["post-12696","page","type-page","status-publish","hentry"],"acpt":{"meta":[{"meta_box":"blocco-menu","meta_fields":[{"name":"immagine","type":"Image","options":[],"value":"https:\/\/www.axolight.it\/wp-content\/uploads\/2025\/11\/Axolight_Bell.jpg","default":"","required":false,"showInAdmin":false,"advancedOptions":{"1":{"id":"ebca5ce6-c3f8-4196-b1ad-2157cbc53c47","boxId":"e4bc1823-8d99-41c3-b338-e74390f948c1","fieldId":"f919c397-9095-481e-8894-f0bb2733d7e2","key":"headline","value":"top"},"2":{"id":"98ee828a-a893-4168-acd6-4af59996ad2c","boxId":"e4bc1823-8d99-41c3-b338-e74390f948c1","fieldId":"f919c397-9095-481e-8894-f0bb2733d7e2","key":"width","value":""},"18":{"id":"6bef08fd-5995-4753-860c-fabb801cc04d","boxId":"e4bc1823-8d99-41c3-b338-e74390f948c1","fieldId":"f919c397-9095-481e-8894-f0bb2733d7e2","key":"css","value":""},"29":{"id":"a8c57520-0b36-4272-a04b-f5c994966376","boxId":"e4bc1823-8d99-41c3-b338-e74390f948c1","fieldId":"f919c397-9095-481e-8894-f0bb2733d7e2","key":"vertical_alignment","value":"center"},"31":{"id":"c328db26-a89c-4fdc-8442-a08806118a47","boxId":"e4bc1823-8d99-41c3-b338-e74390f948c1","fieldId":"f919c397-9095-481e-8894-f0bb2733d7e2","key":"set_thumbnail","value":""},"34":{"id":"2429b94d-c174-4a00-822e-ce9250c8077b","boxId":"e4bc1823-8d99-41c3-b338-e74390f948c1","fieldId":"f919c397-9095-481e-8894-f0bb2733d7e2","key":"render","value":"id"}}},{"name":"immagine-mobile","type":"Image","options":[],"value":"https:\/\/www.axolight.it\/wp-content\/uploads\/2025\/11\/Axolight_Bell_mobile.jpg","default":"","required":false,"showInAdmin":false,"advancedOptions":{"1":{"id":"9595401d-0647-4f3a-9bd3-92dbc075235f","boxId":"e4bc1823-8d99-41c3-b338-e74390f948c1","fieldId":"1f2d1adb-8dcc-49cd-a933-de6c3288c13d","key":"headline","value":"top"},"2":{"id":"014d0f6d-77b2-4a03-8f41-4e5ea8f85abe","boxId":"e4bc1823-8d99-41c3-b338-e74390f948c1","fieldId":"1f2d1adb-8dcc-49cd-a933-de6c3288c13d","key":"width","value":""},"6":{"id":"e9037f67-9518-469d-b018-9ea0f684cc95","boxId":"e4bc1823-8d99-41c3-b338-e74390f948c1","fieldId":"1f2d1adb-8dcc-49cd-a933-de6c3288c13d","key":"before","value":""},"7":{"id":"ee0a6766-fb8a-48d3-993e-834e48b8d85d","boxId":"e4bc1823-8d99-41c3-b338-e74390f948c1","fieldId":"1f2d1adb-8dcc-49cd-a933-de6c3288c13d","key":"after","value":""},"8":{"id":"649d7fc3-0338-435b-b19b-bbe2b2cf05a0","boxId":"e4bc1823-8d99-41c3-b338-e74390f948c1","fieldId":"1f2d1adb-8dcc-49cd-a933-de6c3288c13d","key":"min","value":""},"9":{"id":"9e09d0a8-1aef-461e-bece-3d2d97f8187c","boxId":"e4bc1823-8d99-41c3-b338-e74390f948c1","fieldId":"1f2d1adb-8dcc-49cd-a933-de6c3288c13d","key":"max","value":""},"11":{"id":"8822b340-bc37-4ba6-8743-d7280a7fc1fe","boxId":"e4bc1823-8d99-41c3-b338-e74390f948c1","fieldId":"1f2d1adb-8dcc-49cd-a933-de6c3288c13d","key":"pattern","value":""},"18":{"id":"fe3bc4d7-56c4-4b62-a760-f282b5f1c2c8","boxId":"e4bc1823-8d99-41c3-b338-e74390f948c1","fieldId":"1f2d1adb-8dcc-49cd-a933-de6c3288c13d","key":"css","value":""},"29":{"id":"23fa3d38-cd7f-4957-bfd2-b6c4c323a28f","boxId":"e4bc1823-8d99-41c3-b338-e74390f948c1","fieldId":"1f2d1adb-8dcc-49cd-a933-de6c3288c13d","key":"vertical_alignment","value":"center"},"31":{"id":"f79c0398-139c-4486-99d1-9725d7e2e677","boxId":"e4bc1823-8d99-41c3-b338-e74390f948c1","fieldId":"1f2d1adb-8dcc-49cd-a933-de6c3288c13d","key":"set_thumbnail","value":""},"34":{"id":"3847e72c-13c9-418d-bc4a-1a60af3fcd36","boxId":"e4bc1823-8d99-41c3-b338-e74390f948c1","fieldId":"1f2d1adb-8dcc-49cd-a933-de6c3288c13d","key":"render","value":"id"},"38":{"id":"2331c1e3-af84-4ee9-add3-a82c9bd4e3ef","boxId":"e4bc1823-8d99-41c3-b338-e74390f948c1","fieldId":"1f2d1adb-8dcc-49cd-a933-de6c3288c13d","key":"allow_html","value":""}}},{"name":"colore-sfondo-menu","type":"Color","options":[],"value":"#6b4c30","default":"#000000","required":false,"showInAdmin":false,"advancedOptions":{"1":{"id":"9b55fa27-16a3-4467-8cd9-8c225cc01b69","boxId":"e4bc1823-8d99-41c3-b338-e74390f948c1","fieldId":"e629aa91-40e0-47c3-b749-586c8abf8906","key":"headline","value":"top"},"2":{"id":"da21d9bf-c16a-47d1-b228-1d08ef643a9a","boxId":"e4bc1823-8d99-41c3-b338-e74390f948c1","fieldId":"e629aa91-40e0-47c3-b749-586c8abf8906","key":"width","value":""},"18":{"id":"035a45f2-599d-43ff-852b-a801a8548fba","boxId":"e4bc1823-8d99-41c3-b338-e74390f948c1","fieldId":"e629aa91-40e0-47c3-b749-586c8abf8906","key":"css","value":""},"29":{"id":"ee6b7745-d590-4557-a28f-a3129bfacbcd","boxId":"e4bc1823-8d99-41c3-b338-e74390f948c1","fieldId":"e629aa91-40e0-47c3-b749-586c8abf8906","key":"vertical_alignment","value":"center"}}}]},{"meta_box":"blocco-card-prodotti","meta_fields":[{"name":"titolo","type":"Text","options":[],"value":"Produkte","default":"","required":false,"showInAdmin":false,"advancedOptions":[]},{"name":"selezione-prodotti","type":"Repeater","options":[],"value":{"immagine-card":[{"attachment_id":"6563","original_name":"immagine-card","type":"Image","value":"https:\/\/www.axolight.it\/wp-content\/uploads\/2025\/10\/TAVOLO.jpg"},{"attachment_id":"6562","original_name":"immagine-card","type":"Image","value":"https:\/\/www.axolight.it\/wp-content\/uploads\/2025\/10\/TERRA.jpg"},{"attachment_id":"6561","original_name":"immagine-card","type":"Image","value":"https:\/\/www.axolight.it\/wp-content\/uploads\/2025\/10\/PARETE_SOFFITTO.jpg"},{"attachment_id":"6560","original_name":"immagine-card","type":"Image","value":"https:\/\/www.axolight.it\/wp-content\/uploads\/2025\/10\/SOSPENSIONI.jpg"},{"attachment_id":"6559","original_name":"immagine-card","type":"Image","value":"https:\/\/www.axolight.it\/wp-content\/uploads\/2025\/10\/ARCHITETTURALE.jpg"},{"attachment_id":"6558","original_name":"immagine-card","type":"Image","value":"https:\/\/www.axolight.it\/wp-content\/uploads\/2025\/10\/ESTERNO.jpg"}],"titolo-card":[{"original_name":"titolo-card","type":"Text","value":"TISCHLEUCHTE"},{"original_name":"titolo-card","type":"Text","value":"STEHLEUCHTE"},{"original_name":"titolo-card","type":"Text","value":"WANDLEUCHTE - DECKENLEUCHTE"},{"original_name":"titolo-card","type":"Text","value":"PENDELLEUCHTE"},{"original_name":"titolo-card","type":"Text","value":"ARCHITEKTONISCH"},{"original_name":"titolo-card","type":"Text","value":"OUTDOOR"}],"link-card":[{"label":"","original_name":"link-card","type":"Url","value":"https:\/\/www.axolight.it\/de\/design\/tischleuchte-de\/"},{"label":"","original_name":"link-card","type":"Url","value":"https:\/\/www.axolight.it\/de\/design\/stehleuchte-de\/"},{"label":"","original_name":"link-card","type":"Url","value":"https:\/\/www.axolight.it\/de\/design\/wandleuchte-de\/"},{"label":"","original_name":"link-card","type":"Url","value":"https:\/\/www.axolight.it\/de\/design\/pendelleuchte-de\/"},{"label":"","original_name":"link-card","type":"Url","value":"https:\/\/www.axolight.it\/de\/architektonisch\/"},{"label":"","original_name":"link-card","type":"Url","value":"https:\/\/www.axolight.it\/de\/outdoor\/"}]},"default":"","required":false,"showInAdmin":false,"advancedOptions":{"1":{"id":"9faf582f-f07c-4c04-9e40-7b8660ca7e4a","boxId":"0e73f6ae-c476-492a-ac01-91872b553b8d","fieldId":"88c7c24b-22e9-4eac-a69e-070dde18f3f8","key":"headline","value":"top"},"2":{"id":"4cc13997-2c06-4736-b4ad-28e324995872","boxId":"0e73f6ae-c476-492a-ac01-91872b553b8d","fieldId":"88c7c24b-22e9-4eac-a69e-070dde18f3f8","key":"width","value":""},"3":{"id":"f0214ddf-cdc3-4aaf-b191-aafd6ee95db5","boxId":"0e73f6ae-c476-492a-ac01-91872b553b8d","fieldId":"88c7c24b-22e9-4eac-a69e-070dde18f3f8","key":"columns","value":""},"12":{"id":"a7f62582-069f-4a91-a11e-4f9cd8815257","boxId":"0e73f6ae-c476-492a-ac01-91872b553b8d","fieldId":"88c7c24b-22e9-4eac-a69e-070dde18f3f8","key":"minimum_blocks","value":""},"13":{"id":"816e05a6-8183-4691-8008-87bd09610b01","boxId":"0e73f6ae-c476-492a-ac01-91872b553b8d","fieldId":"88c7c24b-22e9-4eac-a69e-070dde18f3f8","key":"maximum_blocks","value":""},"18":{"id":"53cd279a-a034-448c-b631-e1a701926b2f","boxId":"0e73f6ae-c476-492a-ac01-91872b553b8d","fieldId":"88c7c24b-22e9-4eac-a69e-070dde18f3f8","key":"css","value":""},"19":{"id":"adb89782-d6c6-4610-bea8-d00f46eea77e","boxId":"0e73f6ae-c476-492a-ac01-91872b553b8d","fieldId":"88c7c24b-22e9-4eac-a69e-070dde18f3f8","key":"leading_field","value":"f87db93d-89fd-4a6f-97f6-bf9d554fe0c4"},"20":{"id":"70888a20-d84a-46c3-88d5-390a602b2551","boxId":"0e73f6ae-c476-492a-ac01-91872b553b8d","fieldId":"88c7c24b-22e9-4eac-a69e-070dde18f3f8","key":"layout","value":"basic"},"21":{"id":"0315ff27-db0d-4619-aab4-4ac63e75a33a","boxId":"0e73f6ae-c476-492a-ac01-91872b553b8d","fieldId":"88c7c24b-22e9-4eac-a69e-070dde18f3f8","key":"filter_post_type","value":"prodotti"},"22":{"id":"9d08c574-5320-45b0-b6f3-392b3db7e115","boxId":"0e73f6ae-c476-492a-ac01-91872b553b8d","fieldId":"88c7c24b-22e9-4eac-a69e-070dde18f3f8","key":"filter_post_status","value":"publish"},"23":{"id":"420836f1-f394-4812-88c9-cdb82f01eb5b","boxId":"0e73f6ae-c476-492a-ac01-91872b553b8d","fieldId":"88c7c24b-22e9-4eac-a69e-070dde18f3f8","key":"filter_taxonomy","value":""},"29":{"id":"6ba5a2fd-c048-4848-8814-3f686da3e012","boxId":"0e73f6ae-c476-492a-ac01-91872b553b8d","fieldId":"88c7c24b-22e9-4eac-a69e-070dde18f3f8","key":"vertical_alignment","value":"center"},"30":{"id":"63aef919-2e05-47f2-a772-17f5b959b95f","boxId":"0e73f6ae-c476-492a-ac01-91872b553b8d","fieldId":"88c7c24b-22e9-4eac-a69e-070dde18f3f8","key":"sync_taxonomy","value":""}}}]},{"meta_box":"blocco-carosello","meta_fields":[{"name":"carosello","type":"Repeater","options":[],"value":{"immagine_1":[{"attachment_id":"6567","original_name":"immagine_1","type":"Image","value":"https:\/\/www.axolight.it\/wp-content\/uploads\/2025\/10\/AXOLIGHT_MATTERANDFUNCTION.jpg"},{"attachment_id":"11589","original_name":"immagine_1","type":"Image","value":"https:\/\/www.axolight.it\/wp-content\/uploads\/2025\/11\/AXOLIGHT_MADEINITALY.jpg"},{"attachment_id":"11590","original_name":"immagine_1","type":"Image","value":"https:\/\/www.axolight.it\/wp-content\/uploads\/2025\/11\/AXOLIGHT_NETWORK.jpg"},{"attachment_id":"11591","original_name":"immagine_1","type":"Image","value":"https:\/\/www.axolight.it\/wp-content\/uploads\/2025\/11\/AXOLIGHT_BESPOKESOLUTIONS.jpg"}],"titolo_1":[{"original_name":"titolo_1","type":"Text","value":"Material und Funktion"},{"original_name":"titolo_1","type":"Text","value":"Made in Italy: eine Entscheidung f\u00fcr Qualit\u00e4t"},{"original_name":"titolo_1","type":"Text","value":"Ein internationales Netzwerk"},{"original_name":"titolo_1","type":"Text","value":"Ma\u00dfgeschneiderte L\u00f6sungen"}],"descrizione":[{"original_name":"descrizione","type":"Editor","value":"<p>Axolight wurde 1996 in der Provinz Venedig gegr\u00fcndet und hat einen Forschungsweg eingeschlagen, auf dem die f\u00fcr diese Region typische gro\u00dfe Leistungsf\u00e4higkeit in hervorragenden und innovativen Produkten zum Ausdruck kommt, die die besten Handwerkstraditionen verk\u00f6rpern und sowohl den h\u00e4uslichen Bereich als auch gro\u00dfe Formate f\u00fcr repr\u00e4sentative R\u00e4ume abdecken. Material und Licht verschmelzen zu vielf\u00e4ltigen Geometrien, Etappen eines Prozesses der Vermischung von Materialien, in dem Glas, Metall und Stoff in einen Dialog treten, um Objekte zu schaffen, die neben ihrem \u00e4sthetischen Wert auch eine starke funktionale Bedeutung haben und so Lampen bieten, die den Anforderungen des Architekturprojekts gerecht werden.<\/p>"},{"original_name":"descrizione","type":"Editor","value":"<p>Axolight steht f\u00fcr Liebe zum Detail, Sorgfalt bei der Materialauswahl und die F\u00e4higkeit, die richtige technische L\u00f6sung f\u00fcr das beste Beleuchtungsergebnis zu finden. Diese Elemente verbinden sich zu verschiedenen und alternativen Instrumenten, die die Anforderungen des Beleuchtungsprojekts erf\u00fcllen und die narrative Struktur jedes Innen- und Au\u00dfenbereichs mit der Qualit\u00e4t von Produkten bereichern, die vollst\u00e4ndig in Italien hergestellt werden und durch die Auswahl lokaler Lieferanten und Materialien aus zertifizierten Lieferketten die Umweltfreundlichkeit gew\u00e4hrleisten.<\/p>"},{"original_name":"descrizione","type":"Editor","value":"<p>Die italienische Leidenschaft in die Welt zu tragen, war schon immer der Motor der Forschung von Axolight. Eine Berufung zur Internationalisierung, die das Unternehmen dazu gebracht hat, auf den wichtigsten Weltm\u00e4rkten aktiv zu sein, mit einem besonderen Schwerpunkt auf den Vereinigten Staaten, wo eine Tochtergesellschaft ans\u00e4ssig ist, die sich um den Vertrieb der Axolight-Produkte auf dem nordamerikanischen Markt k\u00fcmmert und in den R\u00e4umlichkeiten des New Yorker Showrooms in der Lexington Avenue t\u00e4tig ist.<\/p>"},{"original_name":"descrizione","type":"Editor","value":"<p>Die F\u00e4higkeit zu handeln, die fundierte Kenntnis von Materialien und Technologien, das st\u00e4ndige Streben nach Exzellenz im Dienste des Kunden: Axolight bietet einen Planungsservice, von der Konzeption \u00fcber die technische Umsetzung bis hin zur Lieferung einzigartiger und ma\u00dfgeschneiderter Objekte, um Planer und H\u00e4ndler bei jedem Projekt und in jeder Gr\u00f6\u00dfenordnung zu unterst\u00fctzen.<\/p>"}]},"default":"","required":false,"showInAdmin":false,"advancedOptions":[]}]},{"meta_box":"blocco-collezioni","meta_fields":[{"name":"titolo_2","type":"Text","options":[],"value":"Herausgestellte Kollektionen","default":"","required":false,"showInAdmin":false,"advancedOptions":[]},{"name":"selezione-collezioni","type":"Repeater","options":[],"value":{"immagine-card_1":[{"attachment_id":"2887","original_name":"immagine-card_1","type":"Image","value":"https:\/\/www.axolight.it\/wp-content\/uploads\/2025\/09\/AXOLIGHT_BENDER_FLOOR_TABLELAMP_EUROLUCE2025-Custom.jpg"},{"attachment_id":"7511","original_name":"immagine-card_1","type":"Image","value":"https:\/\/www.axolight.it\/wp-content\/uploads\/2025\/11\/AXOLIGHT_SPILLRAYEVO.jpg"},{"attachment_id":"6571","original_name":"immagine-card_1","type":"Image","value":"https:\/\/www.axolight.it\/wp-content\/uploads\/2025\/11\/AXOLIGHT_KISS.jpg"},{"attachment_id":"6575","original_name":"immagine-card_1","type":"Image","value":"https:\/\/www.axolight.it\/wp-content\/uploads\/2025\/11\/AXOLIGHT_KALEIDOLIGHT.jpg"}],"titolo-card_1":[{"original_name":"titolo-card_1","type":"Text","value":"BENDER"},{"original_name":"titolo-card_1","type":"Text","value":"SPILLRAY EVO"},{"original_name":"titolo-card_1","type":"Text","value":"KISS "},{"original_name":"titolo-card_1","type":"Text","value":"KALEIDOLIGHT"}],"link-card_1":[{"label":"","original_name":"link-card_1","type":"Url","value":"https:\/\/www.axolight.it\/de\/kollektionen\/bender-de\/"},{"label":"","original_name":"link-card_1","type":"Url","value":"https:\/\/www.axolight.it\/de\/kollektionen\/spillray-evo-de\/"},{"label":"","original_name":"link-card_1","type":"Url","value":"https:\/\/www.axolight.it\/de\/kollektionen\/kiss-de\/"},{"label":"","original_name":"link-card_1","type":"Url","value":"https:\/\/www.axolight.it\/de\/kollektionen\/kaleidolight-de\/"}]},"default":"","required":false,"showInAdmin":false,"advancedOptions":{"1":{"id":"0972317f-ccd4-49ae-a10b-bd64395e5454","boxId":"46e8be7a-78f8-401d-902b-8dbaf0167eac","fieldId":"16b0c9aa-b962-45b6-8ba2-018317bb69ee","key":"headline","value":"top"},"2":{"id":"bf585951-f1eb-4a97-a074-a8e457dba35a","boxId":"46e8be7a-78f8-401d-902b-8dbaf0167eac","fieldId":"16b0c9aa-b962-45b6-8ba2-018317bb69ee","key":"width","value":""},"18":{"id":"2d0c2c78-8d2c-4622-b3fb-4779d93459b8","boxId":"46e8be7a-78f8-401d-902b-8dbaf0167eac","fieldId":"16b0c9aa-b962-45b6-8ba2-018317bb69ee","key":"css","value":""},"23":{"id":"4c2963f2-84d7-4e45-81bb-88ce04a8825d","boxId":"46e8be7a-78f8-401d-902b-8dbaf0167eac","fieldId":"16b0c9aa-b962-45b6-8ba2-018317bb69ee","key":"filter_taxonomy","value":"collezioni"},"29":{"id":"b14633af-1801-4891-a282-abcb25585e52","boxId":"46e8be7a-78f8-401d-902b-8dbaf0167eac","fieldId":"16b0c9aa-b962-45b6-8ba2-018317bb69ee","key":"vertical_alignment","value":"center"},"30":{"id":"35cc2b92-a1e4-46c2-bb42-7671ea430e90","boxId":"46e8be7a-78f8-401d-902b-8dbaf0167eac","fieldId":"16b0c9aa-b962-45b6-8ba2-018317bb69ee","key":"sync_taxonomy","value":""}}}]}]},"_links":{"self":[{"href":"https:\/\/www.axolight.it\/de\/wp-json\/wp\/v2\/pages\/12696","targetHints":{"allow":["GET"]}}],"collection":[{"href":"https:\/\/www.axolight.it\/de\/wp-json\/wp\/v2\/pages"}],"about":[{"href":"https:\/\/www.axolight.it\/de\/wp-json\/wp\/v2\/types\/page"}],"author":[{"embeddable":true,"href":"https:\/\/www.axolight.it\/de\/wp-json\/wp\/v2\/users\/1"}],"replies":[{"embeddable":true,"href":"https:\/\/www.axolight.it\/de\/wp-json\/wp\/v2\/comments?post=12696"}],"version-history":[{"count":1,"href":"https:\/\/www.axolight.it\/de\/wp-json\/wp\/v2\/pages\/12696\/revisions"}],"predecessor-version":[{"id":12739,"href":"https:\/\/www.axolight.it\/de\/wp-json\/wp\/v2\/pages\/12696\/revisions\/12739"}],"wp:attachment":[{"href":"https:\/\/www.axolight.it\/de\/wp-json\/wp\/v2\/media?parent=12696"}],"curies":[{"name":"wp","href":"https:\/\/api.w.org\/{rel}","templated":true}]}}