{"id":12723,"date":"2025-10-17T13:44:05","date_gmt":"2025-10-17T11:44:05","guid":{"rendered":"https:\/\/www.axolight.it\/whistleblowing\/"},"modified":"2025-11-28T10:39:48","modified_gmt":"2025-11-28T09:39:48","slug":"whistleblowing","status":"publish","type":"page","link":"https:\/\/www.axolight.it\/de\/whistleblowing\/","title":{"rendered":"Whistleblowing"},"content":{"rendered":"\n<p>Axo Light Srl verpflichtet sich zu einer ethischen Arbeitsweise und hat zu diesem Zweck ein Verfahren zur Bearbeitung von Meldungen, auch anonym, eingef\u00fchrt, die zur Vorbeugung von Verst\u00f6\u00dfen, Unregelm\u00e4\u00dfigkeiten oder Verhaltensweisen beitragen k\u00f6nnen, die gegen den Ethikkodex, das Organisations-, Verwaltungs- und Kontrollmodell aus dem Gesetzesdekret Nr. 231\/2001, die Unternehmensverfahren und die geltende Gesetzgebung versto\u00dfen oder in jedem Fall geeignet sind, Axo Light Srl zu schaden, einschlie\u00dflich des Images oder des Rufs<\/p>\n\n\n\n<p>Axo Light Srl ermutigt nachdr\u00fccklich dazu, jede m\u00f6gliche Unregelm\u00e4\u00dfigkeit in gutem Glauben zu melden. Es ist jedoch wichtig zu betonen, dass falsche oder schikan\u00f6se Aussagen, blo\u00dfe Verd\u00e4chtigungen oder Ger\u00fcchte, pers\u00f6nliche Beschwerden oder unbegr\u00fcndete Behauptungen nicht toleriert werden. In solchen F\u00e4llen werden gegen diejenigen, die das Verfahren missbrauchen, disziplinarische Ma\u00dfnahmen ergriffen.<\/p>\n\n\n\n<p>F\u00fcr die Einreichung und Verwaltung von Meldungen hat Axo Light Srl ein spezielles Whistleblowing-Verfahren und eine spezielle IT-Plattform eingerichtet, die in vollem Einklang mit den geltenden GDPR- und Datenverwaltungsvorschriften stehen.<\/p>\n\n\n\n<p>Wenn Sie eine Meldung machen wollen,\u00a0<strong><a href=\"https:\/\/axolight.whistleblowing.italiandesignbrands.com\/\">greifen Sie auf die Plattform zu<\/a><\/strong>.<\/p>\n","protected":false},"excerpt":{"rendered":"<p>Axo Light Srl verpflichtet sich zu einer ethischen Arbeitsweise und hat zu diesem Zweck ein Verfahren zur Bearbeitung von Meldungen, auch anonym, eingef\u00fchrt, die zur Vorbeugung von Verst\u00f6\u00dfen, Unregelm\u00e4\u00dfigkeiten oder Verhaltensweisen beitragen k\u00f6nnen, die gegen den Ethikkodex, das Organisations-, Verwaltungs- und Kontrollmodell aus dem Gesetzesdekret Nr. 231\/2001, die Unternehmensverfahren und die geltende Gesetzgebung versto\u00dfen oder [&hellip;]<\/p>\n","protected":false},"author":1,"featured_media":0,"parent":0,"menu_order":0,"comment_status":"closed","ping_status":"closed","template":"","meta":{"footnotes":""},"class_list":["post-12723","page","type-page","status-publish","hentry"],"acpt":null,"_links":{"self":[{"href":"https:\/\/www.axolight.it\/de\/wp-json\/wp\/v2\/pages\/12723","targetHints":{"allow":["GET"]}}],"collection":[{"href":"https:\/\/www.axolight.it\/de\/wp-json\/wp\/v2\/pages"}],"about":[{"href":"https:\/\/www.axolight.it\/de\/wp-json\/wp\/v2\/types\/page"}],"author":[{"embeddable":true,"href":"https:\/\/www.axolight.it\/de\/wp-json\/wp\/v2\/users\/1"}],"replies":[{"embeddable":true,"href":"https:\/\/www.axolight.it\/de\/wp-json\/wp\/v2\/comments?post=12723"}],"version-history":[{"count":2,"href":"https:\/\/www.axolight.it\/de\/wp-json\/wp\/v2\/pages\/12723\/revisions"}],"predecessor-version":[{"id":12837,"href":"https:\/\/www.axolight.it\/de\/wp-json\/wp\/v2\/pages\/12723\/revisions\/12837"}],"wp:attachment":[{"href":"https:\/\/www.axolight.it\/de\/wp-json\/wp\/v2\/media?parent=12723"}],"curies":[{"name":"wp","href":"https:\/\/api.w.org\/{rel}","templated":true}]}}